{"id":12415,"date":"2018-06-20T07:10:37","date_gmt":"2018-06-20T07:10:37","guid":{"rendered":"https:\/\/www.adiuvopharma.com\/contactenos\/"},"modified":"2024-08-12T16:28:20","modified_gmt":"2024-08-12T16:28:20","slug":"contactenos","status":"publish","type":"page","link":"http:\/\/54.235.65.15\/en\/contactenos\/","title":{"rendered":"Contact Us"},"content":{"rendered":"<div class=\"full-width-section    \" style=\"background-color:#1a856f;\" ><div class=\"container\"><div class=\"dt-sc-margin80\"><\/div><div  class=\"column dt-sc-two-fifth custom-white-bg dt-sc-shadow   first \"   style=\"background-color:#1a856f;         \"><div class=\"wpcf7 no-js\" id=\"wpcf7-f12484-o1\" lang=\"en-US\" dir=\"ltr\">\n<div class=\"screen-reader-response\"><p role=\"status\" aria-live=\"polite\" aria-atomic=\"true\"><\/p> <ul><\/ul><\/div>\n<form action=\"\/en\/wp-json\/wp\/v2\/pages\/12415\/#wpcf7-f12484-o1\" method=\"post\" class=\"wpcf7-form init dt-sc-appoinment-form\" aria-label=\"Contact form\" novalidate=\"novalidate\" data-status=\"init\">\n<div style=\"display: none;\">\n<input type=\"hidden\" name=\"_wpcf7\" value=\"12484\" \/>\n<input type=\"hidden\" name=\"_wpcf7_version\" value=\"5.7.7\" \/>\n<input type=\"hidden\" name=\"_wpcf7_locale\" value=\"en_US\" \/>\n<input type=\"hidden\" name=\"_wpcf7_unit_tag\" value=\"wpcf7-f12484-o1\" \/>\n<input type=\"hidden\" name=\"_wpcf7_container_post\" value=\"0\" \/>\n<input type=\"hidden\" name=\"_wpcf7_posted_data_hash\" value=\"\" \/>\n<\/div>\n<p><span class=\"wpcf7-form-control-wrap\" data-name=\"Country\"><select class=\"wpcf7-form-control wpcf7-select wpcf7-validates-as-required\" aria-required=\"true\" aria-invalid=\"false\" name=\"Country\"><option value=\"Select your country\">Select your country<\/option><option value=\"Honduras\">Honduras<\/option><option value=\"El Salvador\">El Salvador<\/option><option value=\"Nicaragua\">Nicaragua<\/option><option value=\"Costa Rica\">Costa Rica<\/option><option value=\"Panam\u00e1\">Panam\u00e1<\/option><option value=\"General\">General<\/option><\/select><\/span>\n<\/p>\n<div class=\"dt-sc-margin10\">\n<\/div>\n<p><span class=\"wpcf7-form-control-wrap\" data-name=\"Name\"><input size=\"40\" class=\"wpcf7-form-control wpcf7-text wpcf7-validates-as-required\" aria-required=\"true\" aria-invalid=\"false\" placeholder=\"Name\" value=\"\" type=\"text\" name=\"Name\" \/><\/span><br \/>\n<span class=\"wpcf7-form-control-wrap\" data-name=\"E-mail\"><input size=\"40\" class=\"wpcf7-form-control wpcf7-text wpcf7-email wpcf7-validates-as-required wpcf7-validates-as-email\" aria-required=\"true\" aria-invalid=\"false\" placeholder=\"E-mail\" value=\"\" type=\"email\" name=\"E-mail\" \/><\/span><br \/>\n<span class=\"wpcf7-form-control-wrap\" data-name=\"Phone\"><input size=\"40\" class=\"wpcf7-form-control wpcf7-text\" aria-invalid=\"false\" placeholder=\"Phone number\" value=\"\" type=\"text\" name=\"Phone\" \/><\/span><br \/>\n<span class=\"wpcf7-form-control-wrap\" data-name=\"Message\"><input size=\"40\" class=\"wpcf7-form-control wpcf7-text wpcf7-validates-as-required\" aria-required=\"true\" aria-invalid=\"false\" placeholder=\"Message\" value=\"\" type=\"text\" name=\"Message\" \/><\/span><br \/>\n<div id=\"cf7sr-69e382b3d08e3\" class=\"cf7sr-g-hcaptcha\" data-theme=\"light\" data-size=\"compact\" data-sitekey=\"2dc845c6-1d44-42ae-b71c-301411aada42\"><\/div><span class=\"wpcf7-form-control-wrap cf7sr-hcaptcha\" data-name=\"cf7sr-hcaptcha\"><input type=\"hidden\" name=\"cf7sr-hcaptcha\" value=\"\" class=\"wpcf7-form-control\"><\/span>\n<\/p>\n<p><input class=\"wpcf7-form-control has-spinner wpcf7-submit\" type=\"submit\" value=\"Submit\" \/>\n<\/p><div class=\"wpcf7-response-output\" aria-hidden=\"true\"><\/div>\n<\/form>\n<\/div><\/div><div  class=\"column dt-sc-three-fifth     \"   style=\"background-color:#1a856f;         \"><p><span style=\"color: #ffffff;\"><strong>INFORMATION BY COUNTRY:<\/strong><\/span><\/p>\n<p><span style=\"color: #ffff00;\"><strong>HONDURAS<\/strong><\/span><br \/>\n<span style=\"color: #ffffff;\"><strong>Phone number:<\/strong> &nbsp;+504 2236-8453&nbsp; \/ <strong>E-mail:<\/strong> <a style=\"color: #ffffff;\" href=\"mailto: infogroup@adiuvopharma.com\"> infogroup@adiuvopharma.com<\/a><\/span><br \/>\n<span style=\"color: #ffffff;\"><strong>Address:<\/strong> Colonia Parcaltagua , Calle Bustamante y Rivero Local #7, Tegucigalpa M. D. C.<\/span><\/p>\n<p><strong><span style=\"color: #ffff00;\">EL SALVADOR<\/span><br \/>\n<span style=\"color: #ffffff;\">Phone number:<\/span><\/strong><span style=\"color: #ffffff;\"> +503 2264-2033 \/ <strong>E-mail:<\/strong> <a style=\"color: #ffffff;\" href=\"mailto: infogroup@adiuvopharma.com\"> infogroup@adiuvopharma.com<\/a><\/span><br \/>\n<span style=\"color: #ffffff;\"><strong>Address:<\/strong> 89 South Av. and Paseo General Escal\u00f3n, Partenope Mall, Local #5. San Salvador.<\/span><\/p>\n<p><strong><span style=\"color: #ffff00;\">NICARAGUA<\/span><br \/>\n<span style=\"color: #ffffff;\">Phone number:<\/span><\/strong><span style=\"color: #ffffff;\"> +505 2298-0777 \/ <strong>E-mail:<\/strong> <a style=\"color: #ffffff;\" href=\"mailto: infogroup@adiuvopharma.com\"> infogroup@adiuvopharma.com<\/a><\/span><br \/>\n<span style=\"color: #ffffff;\"><strong>Address:<\/strong> Rotonda Bello Horizonte 1 cuadra y media arriba MD, Managua, Nicaragua.<\/span><\/p>\n<p><strong><span style=\"color: #ffff00;\">COSTA RICA<\/span><br \/>\n<span style=\"color: #ffffff;\">Phone number:<\/span><\/strong><span style=\"color: #ffffff;\"> +506 4037-8619 \/ <strong>E-mail:<\/strong> <a style=\"color: #ffffff;\" href=\"mailto: infogroup@adiuvopharma.com\"> infogroup@adiuvopharma.com<\/a><\/span><br \/>\n<span style=\"color: #ffffff;\"><strong>Address:<\/strong> Plaza Roble, edificio Terrazas, segundo piso, Droguer\u00eda Europea, Guachipel\u00edn, Escaz\u00fa, San Jos\u00e9. Costa Rica<\/span><\/p>\n<p><strong><span style=\"color: #ffff00;\">PANAM\u00c1<\/span><br \/>\n<span style=\"color: #ffffff;\">Phone number:<\/span><\/strong><span style=\"color: #ffffff;\"> +506 8468-2444 \/ <strong>E-mail:<\/strong> <a style=\"color: #ffffff;\" href=\"mailto: infogroup@adiuvopharma.com\"> infogroup@adiuvopharma.com<\/a><\/span><br \/>\n<span style=\"color: #ffffff;\"><strong>Address:<\/strong> Avenida Justo Arosemena, entre calle y 43. Edificio \u00c1ngel, Ciudad de Panam\u00e1<\/span><\/p>\n<p><strong><span style=\"color: #ffff00;\">GUATEMALA<\/span><br \/>\n<span style=\"color: #ffffff;\">Phone number:<\/span><\/strong><span style=\"color: #ffffff;\"> +502 2315-5700 ext.163&nbsp; \/ E-mail: <a style=\"color: #ffffff;\" href=\"mailto: infogroup@adiuvopharma.com\"> infogroup@adiuvopharma.com<\/a><\/span><br \/>\n<span style=\"color: #ffffff;\"><strong>Address:<\/strong> 17 calle A ,18-40 Zona 10, Ciudad de Guatemala, Guatemala<\/span><\/p>\n<p><strong><span style=\"color: #ffff00;\">FARMACOVIGILANCIA<\/span><\/strong><\/p>\n<p><span style=\"color: #ffffff;\">E-mail: <a style=\"color: #ffffff;\" href=\"mailto:farmacovigilancia@adiuvopharma.com\">farmacovigilancia@adiuvopharma.com<\/a><\/span><\/p><\/div><div class=\"dt-sc-margin80\"><\/div><\/div><\/div><div class=\"full-width-section    \" style=\"background-color:#d6d6d6;\" ><div class=\"container\"><div  class=\"column dt-sc-one-column    first \"   style=\"         \"><\/div><\/div><\/div><div class=\"full-width-section    \"  ><div class=\"container\"><div  class=\"column dt-sc-one-half    first \"   style=\"         \"><\/div><div  class=\"column dt-sc-one-half     \"   style=\"         \"><\/div><\/div><\/div>\n","protected":false},"excerpt":{"rendered":"","protected":false},"author":1,"featured_media":0,"parent":0,"menu_order":0,"comment_status":"open","ping_status":"closed","template":"tpl-fullwidth.php","meta":[],"_links":{"self":[{"href":"http:\/\/54.235.65.15\/en\/wp-json\/wp\/v2\/pages\/12415\/"}],"collection":[{"href":"http:\/\/54.235.65.15\/en\/wp-json\/wp\/v2\/pages\/"}],"about":[{"href":"http:\/\/54.235.65.15\/en\/wp-json\/wp\/v2\/types\/page\/"}],"author":[{"embeddable":true,"href":"http:\/\/54.235.65.15\/en\/wp-json\/wp\/v2\/users\/1\/"}],"replies":[{"embeddable":true,"href":"http:\/\/54.235.65.15\/en\/wp-json\/wp\/v2\/comments\/?post=12415"}],"version-history":[{"count":34,"href":"http:\/\/54.235.65.15\/en\/wp-json\/wp\/v2\/pages\/12415\/revisions\/"}],"predecessor-version":[{"id":18615,"href":"http:\/\/54.235.65.15\/en\/wp-json\/wp\/v2\/pages\/12415\/revisions\/18615\/"}],"wp:attachment":[{"href":"http:\/\/54.235.65.15\/en\/wp-json\/wp\/v2\/media\/?parent=12415"}],"curies":[{"name":"wp","href":"https:\/\/api.w.org\/{rel}","templated":true}]}}